{"id":253,"date":"2020-05-19T09:54:25","date_gmt":"2020-05-19T09:54:25","guid":{"rendered":"http:\/\/test.tsv-holzerode.com\/?page_id=253"},"modified":"2020-07-27T12:46:47","modified_gmt":"2020-07-27T12:46:47","slug":"mitgliedschaft","status":"publish","type":"page","link":"https:\/\/www.tsv-holzerode.de\/?page_id=253","title":{"rendered":"Mitgliedschaft"},"content":{"rendered":"\n<h2 class=\"wp-block-heading\">Mitgliedsbeitrag<\/h2>\n\n\n\n<figure class=\"wp-block-table is-style-stripes\"><table class=\"has-fixed-layout\"><thead><tr><th class=\"has-text-align-left\" data-align=\"left\"><strong>Personenkreis<\/strong><\/th><th class=\"has-text-align-left\" data-align=\"left\"><strong>monatlicher Beitrag<\/strong><\/th><th class=\"has-text-align-left\" data-align=\"left\"><strong>Jahresbeitrag<\/strong><\/th><\/tr><\/thead><tbody><tr><td class=\"has-text-align-left\" data-align=\"left\"><strong>normal<\/strong><br>ab 18 Jahren<\/td><td class=\"has-text-align-left\" data-align=\"left\">5,50 \u20ac<\/td><td class=\"has-text-align-left\" data-align=\"left\">66,00 \u20ac<\/td><\/tr><tr><td class=\"has-text-align-left\" data-align=\"left\"><strong>erm\u00e4\u00dfigt<\/strong> *<br><\/td><td class=\"has-text-align-left\" data-align=\"left\">4,00 \u20ac<\/td><td class=\"has-text-align-left\" data-align=\"left\">48,00 \u20ac<\/td><\/tr><tr><td class=\"has-text-align-left\" data-align=\"left\"><strong>Familien<\/strong><\/td><td class=\"has-text-align-left\" data-align=\"left\">11,00 \u20ac<\/td><td class=\"has-text-align-left\" data-align=\"left\">132,00 \u20ac<\/td><\/tr><tr><td class=\"has-text-align-left\" data-align=\"left\"><\/td><td class=\"has-text-align-left\" data-align=\"left\"><\/td><td class=\"has-text-align-left\" data-align=\"left\"><\/td><\/tr><\/tbody><\/table><figcaption>* Kinder, Jugendliche, Sch\u00fcler ab 18 Jahre, Studenten, Wehrpflichtige, Rentner, Schwerbehinderte, Alleinerziehende.<br>F\u00fcr die Tennisabteilung gibt es eine  Einmalige Aufnahmegeb\u00fchr von 25,00 \u20ac<\/figcaption><\/figure>\n\n\n\n<div class=\"wp-block-file\"><a href=\"https:\/\/tsv-holzerode.de\/wp-content\/uploads\/2020\/06\/Beitrittserkl\u00e4rung-mit-SEPA.pdf\" target=\"_blank\" rel=\"noreferrer noopener\">Beitrittserkl\u00e4rung mit SEPA<\/a><a href=\"https:\/\/tsv-holzerode.de\/wp-content\/uploads\/2020\/06\/Beitrittserkl\u00e4rung-mit-SEPA.pdf\" class=\"wp-block-file__button\" download>Herunterladen<\/a><\/div>\n\n\n\n<p><\/p>\n","protected":false},"excerpt":{"rendered":"<p>Mitgliedsbeitrag Personenkreis monatlicher Beitrag Jahresbeitrag normalab 18 Jahren 5,50 \u20ac 66,00 \u20ac erm\u00e4\u00dfigt * 4,00 \u20ac 48,00 \u20ac Familien 11,00 \u20ac 132,00 \u20ac * Kinder, Jugendliche, Sch\u00fcler ab 18 Jahre, Studenten, Wehrpflichtige, Rentner, Schwerbehinderte, Alleinerziehende.F\u00fcr die Tennisabteilung gibt es eine Einmalige Aufnahmegeb\u00fchr von 25,00 \u20ac<\/p>\n","protected":false},"author":1,"featured_media":0,"parent":0,"menu_order":0,"comment_status":"closed","ping_status":"closed","template":"","meta":{"footnotes":""},"class_list":["post-253","page","type-page","status-publish","hentry"],"_links":{"self":[{"href":"https:\/\/www.tsv-holzerode.de\/index.php?rest_route=\/wp\/v2\/pages\/253","targetHints":{"allow":["GET"]}}],"collection":[{"href":"https:\/\/www.tsv-holzerode.de\/index.php?rest_route=\/wp\/v2\/pages"}],"about":[{"href":"https:\/\/www.tsv-holzerode.de\/index.php?rest_route=\/wp\/v2\/types\/page"}],"author":[{"embeddable":true,"href":"https:\/\/www.tsv-holzerode.de\/index.php?rest_route=\/wp\/v2\/users\/1"}],"replies":[{"embeddable":true,"href":"https:\/\/www.tsv-holzerode.de\/index.php?rest_route=%2Fwp%2Fv2%2Fcomments&post=253"}],"version-history":[{"count":7,"href":"https:\/\/www.tsv-holzerode.de\/index.php?rest_route=\/wp\/v2\/pages\/253\/revisions"}],"predecessor-version":[{"id":801,"href":"https:\/\/www.tsv-holzerode.de\/index.php?rest_route=\/wp\/v2\/pages\/253\/revisions\/801"}],"wp:attachment":[{"href":"https:\/\/www.tsv-holzerode.de\/index.php?rest_route=%2Fwp%2Fv2%2Fmedia&parent=253"}],"curies":[{"name":"wp","href":"https:\/\/api.w.org\/{rel}","templated":true}]}}