{"id":243,"date":"2020-05-19T09:51:12","date_gmt":"2020-05-19T09:51:12","guid":{"rendered":"http:\/\/test.tsv-holzerode.com\/?page_id=243"},"modified":"2020-09-23T12:18:57","modified_gmt":"2020-09-23T12:18:57","slug":"gesundheitssport","status":"publish","type":"page","link":"https:\/\/www.tsv-holzerode.de\/?page_id=243","title":{"rendered":"Gesundheitssport"},"content":{"rendered":"\n<p>Die Gesundheitssportgruppe besteht seit vielen Jahren unter Leitung von Marion Degenhardt aus Billingshausen, welche sich in Sachen Gesundheitssport st\u00e4ndig fortbildet. Das Training findet immer mittwochs von 9 bis 10 Uhr statt und wird gut besucht (allerdings nur von Frauen, obwohl auch r\u00fccken gesch\u00e4digten M\u00e4nnern geholfen w\u00fcrde). <\/p>\n\n\n\n<figure class=\"wp-block-image size-large\"><a href=\"https:\/\/www.tsv-holzerode.de\/wp-content\/uploads\/2020\/09\/WhatsApp-Image-2020-09-23-at-14.11.28.jpeg\" target=\"_blank\" rel=\"noopener noreferrer\"><img loading=\"lazy\" decoding=\"async\" width=\"1024\" height=\"768\" src=\"https:\/\/www.tsv-holzerode.de\/wp-content\/uploads\/2020\/09\/WhatsApp-Image-2020-09-23-at-14.11.28-1024x768.jpeg\" alt=\"\" class=\"wp-image-967\" srcset=\"https:\/\/www.tsv-holzerode.de\/wp-content\/uploads\/2020\/09\/WhatsApp-Image-2020-09-23-at-14.11.28-1024x768.jpeg 1024w, https:\/\/www.tsv-holzerode.de\/wp-content\/uploads\/2020\/09\/WhatsApp-Image-2020-09-23-at-14.11.28-300x225.jpeg 300w, https:\/\/www.tsv-holzerode.de\/wp-content\/uploads\/2020\/09\/WhatsApp-Image-2020-09-23-at-14.11.28-768x576.jpeg 768w, https:\/\/www.tsv-holzerode.de\/wp-content\/uploads\/2020\/09\/WhatsApp-Image-2020-09-23-at-14.11.28-1536x1152.jpeg 1536w, https:\/\/www.tsv-holzerode.de\/wp-content\/uploads\/2020\/09\/WhatsApp-Image-2020-09-23-at-14.11.28.jpeg 1600w\" sizes=\"auto, (max-width: 706px) 89vw, (max-width: 767px) 82vw, 740px\" \/><\/a><\/figure>\n\n\n\n<figure class=\"wp-block-image size-large\"><a href=\"https:\/\/www.tsv-holzerode.de\/wp-content\/uploads\/2020\/09\/WhatsApp-Image-2020-09-23-at-14.10.59.jpeg\" target=\"_blank\" rel=\"noopener noreferrer\"><img loading=\"lazy\" decoding=\"async\" width=\"1024\" height=\"768\" src=\"https:\/\/www.tsv-holzerode.de\/wp-content\/uploads\/2020\/09\/WhatsApp-Image-2020-09-23-at-14.10.59-1024x768.jpeg\" alt=\"\" class=\"wp-image-968\" srcset=\"https:\/\/www.tsv-holzerode.de\/wp-content\/uploads\/2020\/09\/WhatsApp-Image-2020-09-23-at-14.10.59-1024x768.jpeg 1024w, https:\/\/www.tsv-holzerode.de\/wp-content\/uploads\/2020\/09\/WhatsApp-Image-2020-09-23-at-14.10.59-300x225.jpeg 300w, https:\/\/www.tsv-holzerode.de\/wp-content\/uploads\/2020\/09\/WhatsApp-Image-2020-09-23-at-14.10.59-768x576.jpeg 768w, https:\/\/www.tsv-holzerode.de\/wp-content\/uploads\/2020\/09\/WhatsApp-Image-2020-09-23-at-14.10.59-1536x1152.jpeg 1536w, https:\/\/www.tsv-holzerode.de\/wp-content\/uploads\/2020\/09\/WhatsApp-Image-2020-09-23-at-14.10.59.jpeg 1600w\" sizes=\"auto, (max-width: 706px) 89vw, (max-width: 767px) 82vw, 740px\" \/><\/a><\/figure>\n","protected":false},"excerpt":{"rendered":"<p>Die Gesundheitssportgruppe besteht seit vielen Jahren unter Leitung von Marion Degenhardt aus Billingshausen, welche sich in Sachen Gesundheitssport st\u00e4ndig fortbildet. Das Training findet immer mittwochs von 9 bis 10 Uhr statt und wird gut besucht (allerdings nur von Frauen, obwohl auch r\u00fccken gesch\u00e4digten M\u00e4nnern geholfen w\u00fcrde).<\/p>\n","protected":false},"author":1,"featured_media":0,"parent":0,"menu_order":0,"comment_status":"closed","ping_status":"closed","template":"","meta":{"footnotes":""},"class_list":["post-243","page","type-page","status-publish","hentry"],"_links":{"self":[{"href":"https:\/\/www.tsv-holzerode.de\/index.php?rest_route=\/wp\/v2\/pages\/243","targetHints":{"allow":["GET"]}}],"collection":[{"href":"https:\/\/www.tsv-holzerode.de\/index.php?rest_route=\/wp\/v2\/pages"}],"about":[{"href":"https:\/\/www.tsv-holzerode.de\/index.php?rest_route=\/wp\/v2\/types\/page"}],"author":[{"embeddable":true,"href":"https:\/\/www.tsv-holzerode.de\/index.php?rest_route=\/wp\/v2\/users\/1"}],"replies":[{"embeddable":true,"href":"https:\/\/www.tsv-holzerode.de\/index.php?rest_route=%2Fwp%2Fv2%2Fcomments&post=243"}],"version-history":[{"count":3,"href":"https:\/\/www.tsv-holzerode.de\/index.php?rest_route=\/wp\/v2\/pages\/243\/revisions"}],"predecessor-version":[{"id":969,"href":"https:\/\/www.tsv-holzerode.de\/index.php?rest_route=\/wp\/v2\/pages\/243\/revisions\/969"}],"wp:attachment":[{"href":"https:\/\/www.tsv-holzerode.de\/index.php?rest_route=%2Fwp%2Fv2%2Fmedia&parent=243"}],"curies":[{"name":"wp","href":"https:\/\/api.w.org\/{rel}","templated":true}]}}