{"id":230,"date":"2020-05-19T09:40:16","date_gmt":"2020-05-19T09:40:16","guid":{"rendered":"http:\/\/test.tsv-holzerode.com\/?page_id=230"},"modified":"2020-05-20T13:29:35","modified_gmt":"2020-05-20T13:29:35","slug":"linedance","status":"publish","type":"page","link":"https:\/\/www.tsv-holzerode.de\/?page_id=230","title":{"rendered":"Linedance"},"content":{"rendered":"\n<p>Wer sind wir?<\/p>\n\n\n\n<p>Die Linedance-Gruppe Holzerode gibt es seit September 2005. Seit 2010 sind wir eine Sparte des TSV Holzerode von 1921 e.V.<\/p>\n\n\n\n<p>Wir treffen uns jeden Mittwoch in der Zeit von 19:00 Uhr bis 21:00 Uhr.<\/p>\n\n\n\n<p>Gelegentlich haben wir Auftritte bei Geburtstagsfeiern, Hochzeiten, Silberhochzeiten und Sportfesten. Vielleicht haben Sie uns auch schon in Billingshausen auf dem Ranchfest tanzen sehen! In Duderstadt sind wir bei der Er\u00f6ffnung der neuen Sparkasse aufgetreten. U<\/p>\n\n\n\n<p>Unser oberstes Ziel ist aber nicht der Auftritt, sondern der Spa\u00df am Tanzen, die Musik und die Bewegung. Mitmachen kann bei uns jeder, ob Mann oder Frau, im Alter von 15 bis 99 Jahren. Wir w\u00fcrden uns freuen, wenn auch die M\u00e4nner sich angesprochen f\u00fchlen, damit unser z.Zt. einziger m\u00e4nnlicher Mitstreiter nicht alleine bleibt.<\/p>\n","protected":false},"excerpt":{"rendered":"<p>Wer sind wir? Die Linedance-Gruppe Holzerode gibt es seit September 2005. Seit 2010 sind wir eine Sparte des TSV Holzerode von 1921 e.V. Wir treffen uns jeden Mittwoch in der Zeit von 19:00 Uhr bis 21:00 Uhr. Gelegentlich haben wir Auftritte bei Geburtstagsfeiern, Hochzeiten, Silberhochzeiten und Sportfesten. Vielleicht haben Sie uns auch schon in Billingshausen &hellip; <\/p>\n<p class=\"link-more\"><a href=\"https:\/\/www.tsv-holzerode.de\/?page_id=230\" class=\"more-link\"><span class=\"screen-reader-text\">\u201eLinedance\u201c <\/span>weiterlesen<\/a><\/p>\n","protected":false},"author":1,"featured_media":0,"parent":0,"menu_order":0,"comment_status":"closed","ping_status":"closed","template":"","meta":{"footnotes":""},"class_list":["post-230","page","type-page","status-publish","hentry"],"_links":{"self":[{"href":"https:\/\/www.tsv-holzerode.de\/index.php?rest_route=\/wp\/v2\/pages\/230","targetHints":{"allow":["GET"]}}],"collection":[{"href":"https:\/\/www.tsv-holzerode.de\/index.php?rest_route=\/wp\/v2\/pages"}],"about":[{"href":"https:\/\/www.tsv-holzerode.de\/index.php?rest_route=\/wp\/v2\/types\/page"}],"author":[{"embeddable":true,"href":"https:\/\/www.tsv-holzerode.de\/index.php?rest_route=\/wp\/v2\/users\/1"}],"replies":[{"embeddable":true,"href":"https:\/\/www.tsv-holzerode.de\/index.php?rest_route=%2Fwp%2Fv2%2Fcomments&post=230"}],"version-history":[{"count":2,"href":"https:\/\/www.tsv-holzerode.de\/index.php?rest_route=\/wp\/v2\/pages\/230\/revisions"}],"predecessor-version":[{"id":404,"href":"https:\/\/www.tsv-holzerode.de\/index.php?rest_route=\/wp\/v2\/pages\/230\/revisions\/404"}],"wp:attachment":[{"href":"https:\/\/www.tsv-holzerode.de\/index.php?rest_route=%2Fwp%2Fv2%2Fmedia&parent=230"}],"curies":[{"name":"wp","href":"https:\/\/api.w.org\/{rel}","templated":true}]}}